{"id":116,"date":"2021-09-29T15:22:49","date_gmt":"2021-09-29T13:22:49","guid":{"rendered":"http:\/\/www.mh370-caption.net\/?page_id=116"},"modified":"2023-09-08T17:21:24","modified_gmt":"2023-09-08T15:21:24","slug":"captio-trajectory","status":"publish","type":"page","link":"https:\/\/www.mh370-caption.net\/index.php\/captio-trajectory\/","title":{"rendered":"CAPTIO Trajectory"},"content":{"rendered":"<div id=\"pl-116\"  class=\"panel-layout\" ><div id=\"pg-116-0\"  class=\"panel-grid panel-no-style\" ><div id=\"pgc-116-0-0\"  class=\"panel-grid-cell\" ><div id=\"panel-116-0-0-0\" class=\"so-panel widget widget_sow-editor panel-first-child panel-last-child\" data-index=\"0\" ><div\n\t\t\t\n\t\t\tclass=\"so-widget-sow-editor so-widget-sow-editor-base\"\n\t\t\t\n\t\t>\n<div class=\"siteorigin-widget-tinymce textwidget\">\n\t<p><a href=\"http:\/\/www.mh370-caption.net\/wp-content\/uploads\/MH370-PlausibleTrajectory-3.4.pdf\"><em><strong>CAPTIO-MH370-Plausible-Trajectory<\/strong><\/em><\/a>\u2013version3.4 (22Jan.2018).<\/p>\n<p>The\u00a0 approach taken in this document consists of taking account of an Air Traffic Management (ATM) point of view,\u2028 demonstrating that a human-piloted\u00a0 trajectory was possible (and indeed likely) and checking that such a trajectory\u00a0 would be allowed by B777 performance and its modes of operation. This document presents an analysis based on results already published by the\u00a0 scientific community but considering that the `ight was humanly controlled\u00a0 and piloted until the end. (<em><strong><a href=\"https:\/\/youtu.be\/Jd_eJIINlBw\">Video<\/a><\/strong> illustration<\/em>).<\/p>\n<p><a href=\"http:\/\/www.mh370-caption.net\/wp-content\/uploads\/How_Many_Straight_line_trajectories_for_MH370-v1c.pdf\"><em><strong>Thousand of Inmarsat compatible straight line trajectories crossing ARC2 from latitude 5.8\u00b0N down to 3.35\u00b0S<\/strong><\/em><\/a> \u00a0 (18 Apr. 2021)<\/p>\n<p>A straight line trajectory, i.e. constant speed and constant track direction (great circle), minimizes the number of trajectory variables to be considered.\u2028Based upon the geometry of the system (the aircraft and the satellites i.e. the actual one and the virtual one), we analysed the BFOR behaviour as function of speed, track direction, position and time. We also came up with an analytic formula for the Inmarsat compatible straight line trajectories crossing Arc2.\u2028All these numerous trajectories starting at latitude 5.8\u00b0N down to 3.35\u00b0S at Arc2 are equally probable and the resulting likely latitude at Arc7 is circa [~31\u00b0S;~39\u00b0S] which have been unsuccessfully searched.<\/p>\n<p><a href=\"http:\/\/www.mh370-caption.net\/wp-content\/uploads\/Journal_Winter_2019_web-CAPTIO-Article.pdf\"><em><strong>MH370 - A New Theory as to What Went Wrong<\/strong><\/em><\/a>\u00a0 in ATCA\u2019s The Journal of Air Traffic Control, Winter 2019 Issue<\/p>\n<p><a href=\"http:\/\/www.mh370-caption.net\/wp-content\/uploads\/Questions-Answers-Eng.pdf\"><strong>Questions &amp; Answers<\/strong><\/a><strong> on CAPTIO trajectory<\/strong> \u2013 <em>English<\/em> (<em>6 Sept. 2018<\/em>)\u00a0\u00a0\u00a0\u00a0\u00a0\u00a0\u00a0\u00a0\u00a0\u00a0 This documents answers to questions received since January 2018. It provides additional information for understanding the solid foundation of the identified trajectory.<\/p>\n<p><strong><a href=\"http:\/\/www.mh370-caption.net\/wp-content\/uploads\/Questions-Reponses-French.pdf\">Questions-R\u00e9ponses<\/a>\u00a0<\/strong><strong> sur la trajectoire CAPTIO <\/strong>\u2013 <em>French<\/em> (<em>4 Sept. 2018<\/em>)\u00a0\u00a0\u00a0\u00a0\u00a0\u00a0 Ce document r\u00e9pond aux questions re\u00e7ues depuis\u00a0 janvier 2018. Il pr\u00e9sente aussi des informations compl\u00e9mentaires d\u00e9montrant la solidit\u00e9\u00a0 de la trajectoire d\u00e9termin\u00e9e par l\u2019\u00e9tude CAPTIO.<\/p>\n<p><strong><a href=\"https:\/\/www.mh370-caption.net\/index.php\/captio\/\">Full CAPTIO Legacy documentation<\/a><\/strong> has been gathered for reference.<\/p>\n<\/div>\n<\/div><\/div><\/div><\/div><div id=\"pg-116-1\"  class=\"panel-grid panel-no-style\" ><div id=\"pgc-116-1-0\"  class=\"panel-grid-cell panel-grid-cell-empty\" ><\/div><\/div><\/div>","protected":false},"excerpt":{"rendered":"<p>CAPTIO-MH370-Plausible-Trajectory\u2013version3.4 (22Jan.2018). The\u00a0 approach taken in this document consists of taking account of an Air Traffic Management (ATM) point of view,\u2028 demonstrating that a human-piloted\u00a0 trajectory was possible (and indeed likely) and checking that such a trajectory\u00a0 would be allowed by B777 performance and its modes of operation. This document presents an analysis based on &hellip; <\/p>\n<p class=\"link-more\"><a href=\"https:\/\/www.mh370-caption.net\/index.php\/captio-trajectory\/\" class=\"more-link\">Continue reading<span class=\"screen-reader-text\"> &#8220;CAPTIO Trajectory&#8221;<\/span><\/a><\/p>\n","protected":false},"author":1,"featured_media":0,"parent":0,"menu_order":0,"comment_status":"closed","ping_status":"closed","template":"","meta":{"_monsterinsights_skip_tracking":false,"_monsterinsights_sitenote_active":false,"_monsterinsights_sitenote_note":"","_monsterinsights_sitenote_category":0,"footnotes":""},"_links":{"self":[{"href":"https:\/\/www.mh370-caption.net\/index.php\/wp-json\/wp\/v2\/pages\/116"}],"collection":[{"href":"https:\/\/www.mh370-caption.net\/index.php\/wp-json\/wp\/v2\/pages"}],"about":[{"href":"https:\/\/www.mh370-caption.net\/index.php\/wp-json\/wp\/v2\/types\/page"}],"author":[{"embeddable":true,"href":"https:\/\/www.mh370-caption.net\/index.php\/wp-json\/wp\/v2\/users\/1"}],"replies":[{"embeddable":true,"href":"https:\/\/www.mh370-caption.net\/index.php\/wp-json\/wp\/v2\/comments?post=116"}],"version-history":[{"count":17,"href":"https:\/\/www.mh370-caption.net\/index.php\/wp-json\/wp\/v2\/pages\/116\/revisions"}],"predecessor-version":[{"id":827,"href":"https:\/\/www.mh370-caption.net\/index.php\/wp-json\/wp\/v2\/pages\/116\/revisions\/827"}],"wp:attachment":[{"href":"https:\/\/www.mh370-caption.net\/index.php\/wp-json\/wp\/v2\/media?parent=116"}],"curies":[{"name":"wp","href":"https:\/\/api.w.org\/{rel}","templated":true}]}}