{"id":202,"date":"2021-09-29T20:11:17","date_gmt":"2021-09-29T18:11:17","guid":{"rendered":"http:\/\/www.mh370-caption.net\/?page_id=202"},"modified":"2021-09-29T20:11:17","modified_gmt":"2021-09-29T18:11:17","slug":"michel-delarche","status":"publish","type":"page","link":"https:\/\/www.mh370-caption.net\/index.php\/michel-delarche\/","title":{"rendered":"Michel Delarche"},"content":{"rendered":"<div id=\"pl-202\"  class=\"panel-layout\" ><div id=\"pg-202-0\"  class=\"panel-grid panel-no-style\" ><div id=\"pgc-202-0-0\"  class=\"panel-grid-cell panel-grid-cell-mobile-last\" ><div id=\"panel-202-0-0-0\" class=\"so-panel widget widget_sow-image panel-first-child panel-last-child\" data-index=\"0\" ><div\n\t\t\t\n\t\t\tclass=\"so-widget-sow-image so-widget-sow-image-default-8b5b6f678277-202\"\n\t\t\t\n\t\t>\n\n<div class=\"sow-image-container\">\n\t\t<img decoding=\"async\" src=\"https:\/\/www.mh370-caption.net\/wp-content\/uploads\/photo-MD-150x150-1.jpg\" width=\"150\" height=\"150\" srcset=\"https:\/\/www.mh370-caption.net\/wp-content\/uploads\/photo-MD-150x150-1.jpg 150w, https:\/\/www.mh370-caption.net\/wp-content\/uploads\/photo-MD-150x150-1-100x100.jpg 100w\" sizes=\"(max-width: 150px) 100vw, 150px\" title=\"photo-MD-150&#215;150\" alt=\"\" loading=\"lazy\" \t\tclass=\"so-widget-image\"\/>\n\t<\/div>\n\n<\/div><\/div><\/div><div id=\"pgc-202-0-1\"  class=\"panel-grid-cell panel-grid-cell-empty\" ><\/div><\/div><div id=\"pg-202-1\"  class=\"panel-grid panel-no-style\" ><div id=\"pgc-202-1-0\"  class=\"panel-grid-cell\" ><div id=\"panel-202-1-0-0\" class=\"so-panel widget widget_sow-editor panel-first-child panel-last-child\" data-index=\"1\" ><div\n\t\t\t\n\t\t\tclass=\"so-widget-sow-editor so-widget-sow-editor-base\"\n\t\t\t\n\t\t>\n<div class=\"siteorigin-widget-tinymce textwidget\">\n\t<p>Michel Delarche, born in 1955, \u00c9cole Nationale Sup\u00e9rieure d'Informatique et de Math\u00e9matiques Appliqu\u00e9es de Grenoble, Docteur-Ing\u00e9nieur en Informatique et Math\u00e9matiques Appliqu\u00e9es, worked for two decades in Air Traffic Management R&amp;D projects and in international consulting and aeronautical engineering activities.<\/p>\n<\/div>\n<\/div><\/div><\/div><\/div><\/div>","protected":false},"excerpt":{"rendered":"<p>Michel Delarche, born in 1955, \u00c9cole Nationale Sup\u00e9rieure d&#8217;Informatique et de Math\u00e9matiques Appliqu\u00e9es de Grenoble, Docteur-Ing\u00e9nieur en Informatique et Math\u00e9matiques Appliqu\u00e9es, worked for two decades in Air Traffic Management R&amp;D projects and in international consulting and aeronautical engineering activities.<\/p>\n","protected":false},"author":1,"featured_media":0,"parent":0,"menu_order":0,"comment_status":"closed","ping_status":"closed","template":"","meta":{"_monsterinsights_skip_tracking":false,"_monsterinsights_sitenote_active":false,"_monsterinsights_sitenote_note":"","_monsterinsights_sitenote_category":0,"footnotes":""},"_links":{"self":[{"href":"https:\/\/www.mh370-caption.net\/index.php\/wp-json\/wp\/v2\/pages\/202"}],"collection":[{"href":"https:\/\/www.mh370-caption.net\/index.php\/wp-json\/wp\/v2\/pages"}],"about":[{"href":"https:\/\/www.mh370-caption.net\/index.php\/wp-json\/wp\/v2\/types\/page"}],"author":[{"embeddable":true,"href":"https:\/\/www.mh370-caption.net\/index.php\/wp-json\/wp\/v2\/users\/1"}],"replies":[{"embeddable":true,"href":"https:\/\/www.mh370-caption.net\/index.php\/wp-json\/wp\/v2\/comments?post=202"}],"version-history":[{"count":2,"href":"https:\/\/www.mh370-caption.net\/index.php\/wp-json\/wp\/v2\/pages\/202\/revisions"}],"predecessor-version":[{"id":204,"href":"https:\/\/www.mh370-caption.net\/index.php\/wp-json\/wp\/v2\/pages\/202\/revisions\/204"}],"wp:attachment":[{"href":"https:\/\/www.mh370-caption.net\/index.php\/wp-json\/wp\/v2\/media?parent=202"}],"curies":[{"name":"wp","href":"https:\/\/api.w.org\/{rel}","templated":true}]}}